
{"id":9671,"date":"2023-03-24T13:18:58","date_gmt":"2023-03-24T12:18:58","guid":{"rendered":"https:\/\/www.mareiner.com\/holzkino\/"},"modified":"2025-03-14T11:22:52","modified_gmt":"2025-03-14T10:22:52","slug":"wood-cinema","status":"publish","type":"page","link":"https:\/\/www.mareiner.com\/en\/wood-cinema\/","title":{"rendered":"Wood cinema"},"content":{"rendered":"\r\n<div id=\"block_5e17c5e21e36bac48acdda760b519c8d\" class=\"page-title-block section\">\r\n\t<div class=\"row justify-content-center\">\r\n\t\t<div class=\"col-xl-8 col-lg-10 col-12 align-self-center\">\r\n\t\t\t<div class=\"page-title\">\r\n\t\t\t\t<h1>A warm welcome to the Mareiner wood cinema<\/h1>\r\n\t\t\t\t<div class=\"text\">\r\n\t\t\t\t\t<p>Nice to have you here! Please take a seat in the Mareiner wood cinema. And enjoy the full programme: our entire range. To look at and to touch. In real life.<br \/>\nHave fun!<\/p>\n\t\t\t\t<\/div>\r\n\r\n\t\t\t<\/div>\r\n\t\t<\/div>\r\n\t<\/div>\r\n<\/div>\n\n\r\n<div id=\"half-block_2ec5da764240a4ce03ba0c11fc7a4614\" class=\"half-block section  badge-image_bottom\">\r\n\t<div class=\"row\">\r\n\r\n\t\t<div class=\"col-xxl-5 col-xl-6 col-lg-6 col-12 align-self-center\">\r\n\t\t\t<div class=\"half-text\">\r\n\r\n\t\t\t\t\r\n\t\t\t\t<h2>Everything at a glance<\/h2>\r\n\t\t\t\t<div class=\"subtitle\">\r\n\t\t\t\t\tIn the walk-in catalogue from Mareiner\t\t\t\t<\/div>\r\n\t\t\t\t<div class=\"text\">\r\n\t\t\t\t\t<p>As you know, what really counts is the first impression. And the best way to get one is directly and in 3D. Just like in the Mareiner wood cinema: our spacious showroom, where you can not only see everything we offer as standard in terms of refined wood and carefully processed reclaimed wood in a presentation and meeting area of around 500 square metres. You can also touch, turn and sniff.<\/p>\n\t\t\t\t<\/div>\r\n\r\n\t\t\t\t\t\t\t<\/div>\r\n\t\t<\/div>\r\n\r\n\t\t<div class=\"col-lg-6 offset-xxl-1 col-12\">\r\n\t\t\t<div class=\"half-image\">\r\n\t\t\t\t<img decoding=\"async\" loading=\"lazy\" src=\"https:\/\/www.mareiner.com\/wp-content\/uploads\/2023\/03\/Korrek_Holzkino_Schauraum-c-Toni-Muhr-2-1-scaled.jpg\" alt=\"Mareiner Holz\">\r\n\r\n\t\t\t\t\t\t\t<\/div>\r\n\t\t<\/div>\r\n\t\t\t\r\n\t<\/div>\r\n<\/div>\n\n\r\n<div id=\"block_2f86aba170c20699aeb2be8f42b5874d\" class=\"statistic-counter-block alignfull \">\r\n\t<div class=\"container\">\r\n\t\t<div class=\"row\">\r\n\t\t\t\t\t\t\t<div class=\"col-lg-4 col-12 align-self-center\">\r\n\t\t\t\t\t<div class=\"counter\">\r\n\t\t\t\t\t\t<div class=\"counter__icon\">\r\n\t\t\t\t\t\t\t<img decoding=\"async\" src=\"https:\/\/www.mareiner.com\/wp-content\/uploads\/2023\/03\/mareiner_symbol_schauraum.svg\" class=\"attachment-full size-full\" alt=\"Grafik mit Quadraten und Pfeilen, dass die Vergr\u00f6\u00dferung einer Fl\u00e4che symbolisiert\" \/>\t\t\t\t\t\t<\/div>\r\n\t\t\t\t\t\t<div class=\"counter__title\">\r\n\t\t\t\t\t\t\t<span class=\"counter__title__number\">500<\/span> m\u00b2\t\t\t\t\t\t<\/div>\r\n\t\t\t\t\t\t<div class=\"counter__text\">\r\n\t\t\t\t\t\t\tShow &#038; meeting room\t\t\t\t\t\t<\/div>\r\n\t\t\t\t\t<\/div>\r\n\t\t\t\t<\/div>\r\n\t\t\t\t\t\t\t<div class=\"col-lg-4 col-12 align-self-center\">\r\n\t\t\t\t\t<div class=\"counter\">\r\n\t\t\t\t\t\t<div class=\"counter__icon\">\r\n\t\t\t\t\t\t\t<img decoding=\"async\" src=\"https:\/\/www.mareiner.com\/wp-content\/uploads\/2023\/03\/mareiner_symbol_muster.svg\" class=\"attachment-full size-full\" alt=\"Eine Grafik mit aufgef\u00e4chertem Holz\" \/>\t\t\t\t\t\t<\/div>\r\n\t\t\t\t\t\t<div class=\"counter__title\">\r\n\t\t\t\t\t\t\t<span class=\"counter__title__number\">100<\/span> &#038; more samples\t\t\t\t\t\t<\/div>\r\n\t\t\t\t\t\t<div class=\"counter__text\">\r\n\t\t\t\t\t\t\tAll woods &#038; finishes from Mareiner\t\t\t\t\t\t<\/div>\r\n\t\t\t\t\t<\/div>\r\n\t\t\t\t<\/div>\r\n\t\t\t\t\t\t\t<div class=\"col-lg-4 col-12 align-self-center\">\r\n\t\t\t\t\t<div class=\"counter\">\r\n\t\t\t\t\t\t<div class=\"counter__icon\">\r\n\t\t\t\t\t\t\t<img decoding=\"async\" src=\"https:\/\/www.mareiner.com\/wp-content\/uploads\/2023\/03\/mareiner_symbol_designloesung.svg\" class=\"attachment-full size-full\" alt=\"Grafik von einem Brett\" \/>\t\t\t\t\t\t<\/div>\r\n\t\t\t\t\t\t<div class=\"counter__title\">\r\n\t\t\t\t\t\t\t<span class=\"counter__title__number\">51<\/span> Design solutions\t\t\t\t\t\t<\/div>\r\n\t\t\t\t\t\t<div class=\"counter__text\">\r\n\t\t\t\t\t\t\tin XXL widescreen format\t\t\t\t\t\t<\/div>\r\n\t\t\t\t\t<\/div>\r\n\t\t\t\t<\/div>\r\n\t\t\t\t\t<\/div>\r\n\t<\/div>\r\n<\/div>\n\n\r\n<div id=\"block_2327a3b45e745eaa4fb9a79a596c7971\" class=\"page-content-half section vorstellung-section-image-offset\">\r\n\t<div class=\"row\">\r\n\r\n\t\t<div class=\"col-12\">\r\n\t\t\t<div class=\"page-content-half__title\">\r\n\t\t\t\t<h2>Picture by picture<br \/>\r\nGrand cinema<\/h2>\r\n\t\t\t\t<div class=\"page-content-half__subtitle\">Spectacular<\/div>\r\n\t\t\t<\/div>\r\n\t\t<\/div>\r\n\r\n\t\t<div class=\"col-xl-6 col-lg-6 col-12\">\r\n\t\t\t<div class=\"page-content-half__content\">\r\n\t\t\t\t\t\t\t\t\t\r\n\t\t\t\t\t\t\t\t\t\t\t<div class=\"page-content-half__content__text\">\r\n\t\t\t\t\t\t\t<div class=\"row\">\r\n\t\t\t\t\t\t\t\t<div class=\"col-xl-10 col-12\">\r\n\t\t\t\t\t\t\t\t\t<p>The cinema has always been a place of great emotions. The Mareiner wood cinema is also all about passion. For wood and its refinement by mechanical, thermal and biological means. For architecture, interior and exterior design. For shopfitting and property construction. As well as for your visions, plans and ideas, for which we look for the best solution with you in the wood cinema.<br \/>\nFor inspiration and as a basis for discussion, we offer an overview of the complete Mareiner range. In the form of over 100 handy samples in 50 x 70 cm format for you to try out side by side, combine and compare. And 50 design panels in the dramatically beautiful widescreen format of 2.25 x 3 metres. Enjoy the spectacular presentation &#8211; picture by picture.<\/p>\n\t\t\t\t\t\t\t\t<\/div>\r\n\t\t\t\t\t\t\t<\/div>\r\n\t\t\t\t\t\t<\/div>\r\n\t\t\t\t\t\r\n\t\t\t\t\t\r\n\t\t\t\t\t\r\n\t\t\t\t\t\t\t\t\t\r\n\t\t\t\t\t\r\n\t\t\t\t\t\t\t\t\t\t\t<div class=\"page-content-half__content__image\">\r\n\t\t\t\t\t\t\t<img loading=\"lazy\" decoding=\"async\" width=\"2560\" height=\"1707\" src=\"https:\/\/www.mareiner.com\/wp-content\/uploads\/2023\/03\/Mareiner-Schauraum_Holzkino-c-Toni-Muhr-49-scaled.jpg\" class=\"attachment-full size-full\" alt=\"Ein abgedunkelter Raum mit Holzpaneelen in unterschiedlichen Farbt\u00f6nen, die von der Decke h\u00e4ngen. Der Boden ist mit Teppich ausgelegt, die Decke mit dunklen Lamellen gestaltet \u2013 ideal zur Pr\u00e4sentation von Holzoberfl\u00e4chen.\" srcset=\"https:\/\/www.mareiner.com\/wp-content\/uploads\/2023\/03\/Mareiner-Schauraum_Holzkino-c-Toni-Muhr-49-scaled.jpg 2560w, https:\/\/www.mareiner.com\/wp-content\/uploads\/2023\/03\/Mareiner-Schauraum_Holzkino-c-Toni-Muhr-49-300x200.jpg 300w, https:\/\/www.mareiner.com\/wp-content\/uploads\/2023\/03\/Mareiner-Schauraum_Holzkino-c-Toni-Muhr-49-1024x683.jpg 1024w, https:\/\/www.mareiner.com\/wp-content\/uploads\/2023\/03\/Mareiner-Schauraum_Holzkino-c-Toni-Muhr-49-768x512.jpg 768w, https:\/\/www.mareiner.com\/wp-content\/uploads\/2023\/03\/Mareiner-Schauraum_Holzkino-c-Toni-Muhr-49-1536x1024.jpg 1536w, https:\/\/www.mareiner.com\/wp-content\/uploads\/2023\/03\/Mareiner-Schauraum_Holzkino-c-Toni-Muhr-49-2048x1365.jpg 2048w, https:\/\/www.mareiner.com\/wp-content\/uploads\/2023\/03\/Mareiner-Schauraum_Holzkino-c-Toni-Muhr-49-1000x667.jpg 1000w\" sizes=\"auto, (max-width: 2560px) 100vw, 2560px\" \/>\t\t\t\t\t\t<\/div>\r\n\t\t\t\t\t\r\n\t\t\t\t\t\r\n\t\t\t\t\t\t\t<\/div>\r\n\t\t<\/div>\r\n\r\n\t\t<div class=\"col-xl-5 offset-xl-1 col-lg-6 col-12\">\r\n\t\t\t<div class=\"page-content-half__content\">\r\n\t\t\t\t\t\t\t\t\t\r\n\t\t\t\t\t\r\n\t\t\t\t\t\t\t\t\t\t\t<div class=\"page-content-half__content__image\">\r\n\t\t\t\t\t\t\t<img loading=\"lazy\" decoding=\"async\" width=\"1706\" height=\"2560\" src=\"https:\/\/www.mareiner.com\/wp-content\/uploads\/2023\/03\/Mareiner_25-Jahre_300dpi-C-nicoleseiser-at-2-scaled.jpg\" class=\"attachment-full size-full\" alt=\"Gl\u00e4serner Eingang zum Schauraum von Mareiner mit gro\u00dfem Logo \u00fcber der T\u00fcr. Innen sind beleuchtete Holzpaneele und ein auff\u00e4llig gemusterter Fliesenboden zu sehen \u2013 einladender Raum f\u00fcr Design und Inspiration.\" srcset=\"https:\/\/www.mareiner.com\/wp-content\/uploads\/2023\/03\/Mareiner_25-Jahre_300dpi-C-nicoleseiser-at-2-scaled.jpg 1706w, https:\/\/www.mareiner.com\/wp-content\/uploads\/2023\/03\/Mareiner_25-Jahre_300dpi-C-nicoleseiser-at-2-200x300.jpg 200w, https:\/\/www.mareiner.com\/wp-content\/uploads\/2023\/03\/Mareiner_25-Jahre_300dpi-C-nicoleseiser-at-2-682x1024.jpg 682w, https:\/\/www.mareiner.com\/wp-content\/uploads\/2023\/03\/Mareiner_25-Jahre_300dpi-C-nicoleseiser-at-2-768x1152.jpg 768w, https:\/\/www.mareiner.com\/wp-content\/uploads\/2023\/03\/Mareiner_25-Jahre_300dpi-C-nicoleseiser-at-2-1024x1536.jpg 1024w, https:\/\/www.mareiner.com\/wp-content\/uploads\/2023\/03\/Mareiner_25-Jahre_300dpi-C-nicoleseiser-at-2-1365x2048.jpg 1365w, https:\/\/www.mareiner.com\/wp-content\/uploads\/2023\/03\/Mareiner_25-Jahre_300dpi-C-nicoleseiser-at-2-1000x1500.jpg 1000w\" sizes=\"auto, (max-width: 1706px) 100vw, 1706px\" \/>\t\t\t\t\t\t<\/div>\r\n\t\t\t\t\t\r\n\t\t\t\t\t\r\n\t\t\t\t\t\t\t<\/div>\r\n\t\t<\/div>\r\n\r\n\t<\/div>\r\n<\/div>\n\n\r\n<div id=\"block_d81d581d779ea16840b3ac7c6f2e1b51\" class=\"page-content-half section vorstellung-section-offset\">\r\n\t<div class=\"row\">\r\n\r\n\t\t<div class=\"col-12\">\r\n\t\t\t<div class=\"page-content-half__title\">\r\n\t\t\t\t<h2>Presentation<br \/>\r\nat the table<\/h2>\r\n\t\t\t\t<div class=\"page-content-half__subtitle\">Talking, planning, calculating<\/div>\r\n\t\t\t<\/div>\r\n\t\t<\/div>\r\n\r\n\t\t<div class=\"col-xl-6 col-lg-6 col-12\">\r\n\t\t\t<div class=\"page-content-half__content\">\r\n\t\t\t\t\t\t\t\t\t\r\n\t\t\t\t\t\t\t\t\t\t\t<div class=\"page-content-half__content__text\">\r\n\t\t\t\t\t\t\t<div class=\"row\">\r\n\t\t\t\t\t\t\t\t<div class=\"col-xl-10 col-12\">\r\n\t\t\t\t\t\t\t\t\t<p>At the Mareiner wood cinema, you can &#8211; indeed, should &#8211; talk freely: About building and design projects, about challenges and budgets. About the advantages of different types of wood and finishes. About possible solutions that you hadn&#8217;t even thought of yet. Gladly over a drink. Because our showroom is not just our walk-in catalogue. It&#8217;s also the place where we provide you with detailed, in-depth advice. In the midst of options that are immediately available on the meeting table if required. Right next to the popcorn.<\/p>\n\t\t\t\t\t\t\t\t<\/div>\r\n\t\t\t\t\t\t\t<\/div>\r\n\t\t\t\t\t\t<\/div>\r\n\t\t\t\t\t\r\n\t\t\t\t\t\r\n\t\t\t\t\t\r\n\t\t\t\t\t\t\t<\/div>\r\n\t\t<\/div>\r\n\r\n\t\t<div class=\"col-xl-5 offset-xl-1 col-lg-6 col-12\">\r\n\t\t\t<div class=\"page-content-half__content\">\r\n\t\t\t\t\t\t\t\t\t\r\n\t\t\t\t\t\r\n\t\t\t\t\t\t\t\t\t\t\t<div class=\"page-content-half__content__image\">\r\n\t\t\t\t\t\t\t<img loading=\"lazy\" decoding=\"async\" width=\"2560\" height=\"1707\" src=\"https:\/\/www.mareiner.com\/wp-content\/uploads\/2023\/03\/Mareiner-Schauraum_Holzkino-c-Toni-Muhr-37-scaled.jpg\" class=\"attachment-full size-full\" alt=\"Moderner Schauraum mit hellen W\u00e4nden, stilvollen Deckenleuchten und zahlreichen Holzmustern an den W\u00e4nden. In der Mitte ein wei\u00dfer Tresen, der Raum hat einen kunstvoll gemusterten Fliesenboden.\" srcset=\"https:\/\/www.mareiner.com\/wp-content\/uploads\/2023\/03\/Mareiner-Schauraum_Holzkino-c-Toni-Muhr-37-scaled.jpg 2560w, https:\/\/www.mareiner.com\/wp-content\/uploads\/2023\/03\/Mareiner-Schauraum_Holzkino-c-Toni-Muhr-37-300x200.jpg 300w, https:\/\/www.mareiner.com\/wp-content\/uploads\/2023\/03\/Mareiner-Schauraum_Holzkino-c-Toni-Muhr-37-1024x683.jpg 1024w, https:\/\/www.mareiner.com\/wp-content\/uploads\/2023\/03\/Mareiner-Schauraum_Holzkino-c-Toni-Muhr-37-768x512.jpg 768w, https:\/\/www.mareiner.com\/wp-content\/uploads\/2023\/03\/Mareiner-Schauraum_Holzkino-c-Toni-Muhr-37-1536x1024.jpg 1536w, https:\/\/www.mareiner.com\/wp-content\/uploads\/2023\/03\/Mareiner-Schauraum_Holzkino-c-Toni-Muhr-37-2048x1365.jpg 2048w, https:\/\/www.mareiner.com\/wp-content\/uploads\/2023\/03\/Mareiner-Schauraum_Holzkino-c-Toni-Muhr-37-1000x667.jpg 1000w\" sizes=\"auto, (max-width: 2560px) 100vw, 2560px\" \/>\t\t\t\t\t\t<\/div>\r\n\t\t\t\t\t\r\n\t\t\t\t\t\r\n\t\t\t\t\t\t\t<\/div>\r\n\t\t<\/div>\r\n\r\n\t<\/div>\r\n<\/div>\n\n\r\n<div id=\"block_74a9a16fdaf7ea012a0e8e722fe779d6\" class=\"page-content-half section \">\r\n\t<div class=\"row\">\r\n\r\n\t\t<div class=\"col-12\">\r\n\t\t\t<div class=\"page-content-half__title\">\r\n\t\t\t\t<h2><\/h2>\r\n\t\t\t\t<div class=\"page-content-half__subtitle\"><\/div>\r\n\t\t\t<\/div>\r\n\t\t<\/div>\r\n\r\n\t\t<div class=\"col-xl-6 col-lg-6 col-12\">\r\n\t\t\t<div class=\"page-content-half__content\">\r\n\t\t\t\t\t\t\t\t\t\r\n\t\t\t\t\t\r\n\t\t\t\t\t\t\t\t\t\t\t<div class=\"page-content-half__content__image\">\r\n\t\t\t\t\t\t\t<img loading=\"lazy\" decoding=\"async\" width=\"2560\" height=\"1708\" src=\"https:\/\/www.mareiner.com\/wp-content\/uploads\/2023\/03\/Mareiner_25-Jahre_300dpi-C-nicoleseiser-at-97-scaled.jpg\" class=\"attachment-full size-full\" alt=\"Eine Frau im gestreiften Pullover betrachtet l\u00e4chelnd verschiedene Holzoberfl\u00e4chen im Schauraum von Mareiner und h\u00e4lt dabei mehrere Exemplare des Magazins \u201eBrettgeschichten\u201c in der Hand.\" srcset=\"https:\/\/www.mareiner.com\/wp-content\/uploads\/2023\/03\/Mareiner_25-Jahre_300dpi-C-nicoleseiser-at-97-scaled.jpg 2560w, https:\/\/www.mareiner.com\/wp-content\/uploads\/2023\/03\/Mareiner_25-Jahre_300dpi-C-nicoleseiser-at-97-300x200.jpg 300w, https:\/\/www.mareiner.com\/wp-content\/uploads\/2023\/03\/Mareiner_25-Jahre_300dpi-C-nicoleseiser-at-97-1024x683.jpg 1024w, https:\/\/www.mareiner.com\/wp-content\/uploads\/2023\/03\/Mareiner_25-Jahre_300dpi-C-nicoleseiser-at-97-768x512.jpg 768w, https:\/\/www.mareiner.com\/wp-content\/uploads\/2023\/03\/Mareiner_25-Jahre_300dpi-C-nicoleseiser-at-97-1536x1025.jpg 1536w, https:\/\/www.mareiner.com\/wp-content\/uploads\/2023\/03\/Mareiner_25-Jahre_300dpi-C-nicoleseiser-at-97-2048x1366.jpg 2048w, https:\/\/www.mareiner.com\/wp-content\/uploads\/2023\/03\/Mareiner_25-Jahre_300dpi-C-nicoleseiser-at-97-1000x667.jpg 1000w\" sizes=\"auto, (max-width: 2560px) 100vw, 2560px\" \/>\t\t\t\t\t\t<\/div>\r\n\t\t\t\t\t\r\n\t\t\t\t\t\r\n\t\t\t\t\t\t\t<\/div>\r\n\t\t<\/div>\r\n\r\n\t\t<div class=\"col-xl-5 offset-xl-1 col-lg-6 col-12\">\r\n\t\t\t<div class=\"page-content-half__content\">\r\n\t\t\t\t\t\t\t\t\t\r\n\t\t\t\t\t\r\n\t\t\t\t\t\r\n\t\t\t\t\t\t\t\t\t\t\t<div class=\"page-content-half__content__quote\">\r\n\t\t\t\t\t\t\t<div class=\"page-content-half__content__quote__symbol\">\r\n\t\t\t\t\t\t\t\t<svg xmlns=\"http:\/\/www.w3.org\/2000\/svg\" xmlns:xlink=\"http:\/\/www.w3.org\/1999\/xlink\" width=\"37.254\" height=\"29.278\" viewBox=\"0 0 37.254 29.278\"><defs><clipPath id=\"a\"><path d=\"M0,0H37.254V-29.278H0Z\" fill=\"#473729\"\/><\/clipPath><\/defs><g transform=\"translate(0 29.278)\" clip-path=\"url(#a)\"><g transform=\"translate(27.537 -29.278)\"><path d=\"M0,0C-4.922,0-6.057,3.281-6.057,5.174A3.347,3.347,0,0,0-2.65,8.708a6.926,6.926,0,0,1,6.31,7.067c0,5.174-4.922,8.707-9.591,10.853a1.865,1.865,0,0,0,.883,2.65C2.9,26.88,9.591,20.823,9.717,12.115,9.717,5.553,5.174,0,0,0M-21.327,0c-4.922,0-6.058,3.281-6.058,5.174a3.347,3.347,0,0,0,3.407,3.534,6.926,6.926,0,0,1,6.31,7.067c0,5.174-4.921,8.707-9.591,10.853a1.864,1.864,0,0,0,.884,2.65c7.95-2.4,14.639-8.455,14.765-17.163C-11.61,5.553-16.153,0-21.327,0\" fill=\"#473729\"\/><\/g><\/g><\/svg>\r\n\t\t\t\t\t\t\t<\/div>\r\n\t\t\t\t\t\t\t<div class=\"page-content-half__content__quote__text\">\r\n\t\t\t\t\t\t\t\tMany romances have begun in the cinema. Even with wood.\t\t\t\t\t\t\t<\/div>\r\n\t\t\t\t\t\t\t<div class=\"page-content-half__content__quote__author\">\r\n\t\t\t\t\t\t\t\tMareiner\t\t\t\t\t\t\t<\/div>\r\n\t\t\t\t\t\t<\/div>\r\n\t\t\t\t\t\r\n\t\t\t\t\t\t\t<\/div>\r\n\t\t<\/div>\r\n\r\n\t<\/div>\r\n<\/div>\n\n\r\n<div id=\"block_ab5cc0301adf96bfb4c4fd6dc921863d\" class=\"full-width-half-block alignfull  background-light remove_margin_bottom-1  remove_margin_top-1\">\r\n\t\r\n\r\n\t<div class=\"container\">\r\n\t\t<div class=\"row\">\r\n\t\t\t<div class=\"col-lg-6 col-12 order-2\">\r\n\r\n\t\t\t\t\t\t\r\n\t\t\t<\/div>\r\n\r\n\t\t\t<div class=\" col-xxl-4 col-xl-5 col-lg-6 col-12 align-self-center\">\r\n\t\t\t\t<div class=\"full-width__text\">\r\n\r\n\t\t\t\t\t\t\t\t\t\t\t<h2>Book your<br \/>\r\nprivate show<\/h2>\r\n\t\t\t\t\t\t\t\t\t\t\r\n\t\t\t\t\t\r\n\t\t\t\t\t\t\t\t\t\t\t<div class=\"text\">\r\n\t\t\t\t\t\t\t<p>DO YOU ALREADY HAVE PLANS?<\/p>\n<p>LET&#8217;S GO TO THE<br \/>\nMAREINER WOOD CINEMA.<\/p>\n\t\t\t\t\t\t<\/div>\r\n\t\t\t\t\t\r\n\t\t\t\t\t\t\t\t\t\t\t<div class=\"sketch-link\">\r\n\t\t\t\t\t\t\t<a class=\"btn btn-orange\" href=\"mailto:office@mareiner.com\" target=\"\">Book your ticket now<\/a>\r\n\t\t\t\t\t\t<\/div>\r\n\t\t\t\t\t\r\n\t\t\t\t\t\r\n\t\t\t\t<\/div>\r\n\t\t\t<\/div>\r\n\r\n\r\n\t\t<\/div>\r\n\t<\/div>\r\n\r\n\t<div class=\"full-width__background position-text-image\">\r\n\t\t\t\t<img decoding=\"async\" loading=\"lazy\" src=\"https:\/\/www.mareiner.com\/wp-content\/uploads\/2023\/03\/Korrek_Holzkino_Schauraum-c-Toni-Muhr-14-scaled.jpg\" alt=\"\">\r\n\t\t\t<\/div>\r\n<\/div>","protected":false},"excerpt":{"rendered":"","protected":false},"author":2,"featured_media":0,"parent":0,"menu_order":0,"comment_status":"closed","ping_status":"closed","template":"","meta":{"_acf_changed":false,"footnotes":""},"class_list":["post-9671","page","type-page","status-publish","hentry"],"acf":[],"_links":{"self":[{"href":"https:\/\/www.mareiner.com\/en\/wp-json\/wp\/v2\/pages\/9671","targetHints":{"allow":["GET"]}}],"collection":[{"href":"https:\/\/www.mareiner.com\/en\/wp-json\/wp\/v2\/pages"}],"about":[{"href":"https:\/\/www.mareiner.com\/en\/wp-json\/wp\/v2\/types\/page"}],"author":[{"embeddable":true,"href":"https:\/\/www.mareiner.com\/en\/wp-json\/wp\/v2\/users\/2"}],"replies":[{"embeddable":true,"href":"https:\/\/www.mareiner.com\/en\/wp-json\/wp\/v2\/comments?post=9671"}],"version-history":[{"count":2,"href":"https:\/\/www.mareiner.com\/en\/wp-json\/wp\/v2\/pages\/9671\/revisions"}],"predecessor-version":[{"id":10361,"href":"https:\/\/www.mareiner.com\/en\/wp-json\/wp\/v2\/pages\/9671\/revisions\/10361"}],"wp:attachment":[{"href":"https:\/\/www.mareiner.com\/en\/wp-json\/wp\/v2\/media?parent=9671"}],"curies":[{"name":"wp","href":"https:\/\/api.w.org\/{rel}","templated":true}]}}